{"id":134,"date":"2022-11-28T18:11:38","date_gmt":"2022-11-28T18:11:38","guid":{"rendered":"http:\/\/artia-therapie.com\/?page_id=134"},"modified":"2026-04-07T02:53:27","modified_gmt":"2026-04-07T02:53:27","slug":"contact","status":"publish","type":"page","link":"http:\/\/artia-therapie.com\/de\/kontakt","title":{"rendered":"Kontakt"},"content":{"rendered":"<div class=\"brz-root__container brz-reset-all brz brz-root__container-page\">\n<section id=\"_iiuhhkncrlmunafxdgnmozybeczzfbkudgnh\" class=\"brz-section brz-css-1myiyx5\">\n<div class=\"brz-section__content brz-section--boxed brz-css-124sy9d brz-css-wn58ii\" data-brz-custom-id=\"qyavltzcbpieaxudxslrpnvpuqkmgdrmyqmm\">\n<div class=\"brz-container brz-css-1cyv5ch\">\n<div class=\"brz-row__container brz-css-19vhdkh\" data-brz-custom-id=\"jfplhlbuormjsqqsrkdbibzszsrpyysnkafr\">\n<div class=\"brz-bg\"><\/div>\n<div class=\"brz-row brz-css-1udhwf brz-css-dyaw7u\">\n<div class=\"brz-columns brz-css-1eh89w8 brz-css-1rf4vna\" data-brz-custom-id=\"vybcfhbluetjiyuzkjnknktqiauazwwrkmpf\">\n<div class=\"brz-bg\"><\/div>\n<div class=\"brz-column__items brz-css-1glb4mh brz-css-1oce7rd\">\n<div id=\"\" class=\"brz-css-1rsr8e1 brz-css-qmf29k brz-wrapper\">\n<div class=\"brz-image brz-css-qi3asg\" data-brz-custom-id=\"qmukzuopwftvunvflyiadedxmpyfwgfcxrkc\"><a class=\"brz-a\" href=\"http:\/\/artia-therapie.com\/de\/\" target=\"_self\" rel=\"noopener\" data-brz-link-type=\"external\"><img data-recalc-dims=\"1\" decoding=\"async\" class=\"brz-img\" src=\"https:\/\/i0.wp.com\/artia-therapie.com\/wp-content\/uploads\/brizy\/imgs\/Logo-artia-therapie-152x152x25x25x103x102x1675171273.png?w=1290&#038;ssl=1\" alt=\"\" loading=\"lazy\"><\/a><\/div>\n<\/div>\n<\/div>\n<\/div>\n<div class=\"brz-columns brz-css-1eh89w8 brz-css-adad6j\" data-brz-custom-id=\"xubnxcnivezszhdqsugjykdizzamvuxjeerx\">\n<div class=\"brz-bg\"><\/div>\n<div class=\"brz-column__items brz-css-1glb4mh brz-css-ku2lnv\">\n<div id=\"\" class=\"brz-css-1rsr8e1 brz-css-ieo4h4 brz-wrapper\">\n<div class=\"brz-menu-simple brz-css-wt5ugm brz-css-83f6f\">\n<div class=\"brz-menu-simple__toggle brz-menu-simple__toggle--tablet brz-menu-simple__toggle--mobile\"><label class=\"brz-menu-simple__icon\" for=\"brz-menu-simple__btn-krfzs\"><span class=\"brz-menu-simple__icon--bars\"><\/span><\/label><\/p>\n<div><\/div>\n<\/div>\n<\/div>\n<\/div>\n<\/div>\n<\/div>\n<div class=\"brz-columns brz-css-1eh89w8 brz-css-1xvtgen\" data-brz-custom-id=\"ovjignqcofgfqohsmgpmxlmobkeoycggxiqu\">\n<div class=\"brz-bg\"><\/div>\n<div class=\"brz-column__items brz-css-1glb4mh brz-css-10x243y\">\n<div class=\"brz-wrapper-clone brz-css-89grlo brz-css-egmnh8\">\n<div class=\"brz-d-xs-flex brz-flex-xs-wrap brz-css-ljifbu\" data-brz-custom-id=\"\">\n<div class=\"brz-wrapper-clone__item\" id=\"ngnrcggeeismzleltuzxmhjrfyppkikfyxas\"><a class=\"brz-a brz-btn brz-css-pswb9 brz-css-kx0iqn brz-css-nq3npk brz-css-127alak\" href=\"https:\/\/artia-therapie.com\/de\/a-propos\/\" target=\"_self\" rel=\"noopener\" data-brz-link-type=\"external\" data-brz-custom-id=\"ngnrcggeeismzleltuzxmhjrfyppkikfyxas\"><span data-brz-translate-text=\"1\" class=\"brz-span brz-text__editor\">WER BIN ICH ?<\/span><\/a><\/div>\n<\/div>\n<\/div>\n<\/div>\n<\/div>\n<\/div>\n<\/div>\n<\/div>\n<\/div>\n<\/section>\n<section id=\"_vrhyvfsglkedgnqvdpzvxdstnmgycbgikdgw\" class=\"brz-section brz-css-1myiyx5 brz-css-1t3braz\">\n<div class=\"brz-section__content brz-section--boxed brz-css-124sy9d brz-css-1y8g1ct\" data-brz-custom-id=\"oomvlgvnrbjtqanfkmkfmiefjvvklvhnbidh\">\n<div class=\"brz-bg\">\n<div class=\"brz-bg-image\"><\/div>\n<\/div>\n<div class=\"brz-container brz-css-1cyv5ch\">\n<div id=\"\" class=\"brz-css-1rsr8e1 brz-css-1kl74t9 brz-wrapper\">\n<div class=\"brz-spacer brz-css-1a987ro brz-css-tjaogo\"><\/div>\n<\/div>\n<div id=\"\" class=\"brz-css-1rsr8e1 brz-wrapper\">\n<div class=\"brz-rich-text brz-rich-text__custom brz-css-rfvjo3\" data-brz-custom-id=\"lksvcgwjpxjbnasshpyvcxudnqyfxbzbdchp\">\n<div data-brz-translate-text=\"1\">\n<p class=\"brz-tp-lg-heading1 brz-text-lg-center brz-css-tGIJt\" data-generated-css=\"brz-css-rptxy\" data-uniq-id=\"elzvk\"><span class=\"brz-cp-color8\">Kontakt<\/span><\/p>\n<\/div>\n<\/div>\n<\/div>\n<\/div>\n<\/div>\n<\/section>\n<section id=\"_gilehbtgslqumhsmfmsinhcqyxxwzaibbtgq\" class=\"brz-section brz-css-1myiyx5\">\n<div class=\"brz-section__content brz-section--boxed brz-css-124sy9d brz-css-ke3429\" data-brz-custom-id=\"gjxkjldpaeoxdbkbvowmwmfktfxsembkckmn\">\n<div class=\"brz-bg\">\n<div class=\"brz-bg-image\"><\/div>\n<div class=\"brz-bg-color\"><\/div>\n<\/div>\n<div class=\"brz-container brz-css-1cyv5ch\">\n<div id=\"\" class=\"brz-css-1rsr8e1 brz-css-1vbccmj brz-wrapper\">\n<div class=\"brz-rich-text brz-rich-text__custom brz-css-rfvjo3\" data-brz-custom-id=\"ijirsimnbxylrspxuaxetlvdeswjoqfqspnj\">\n<div data-brz-translate-text=\"1\">\n<h2 class=\"brz-text-lg-center brz-tp-lg-heading2 brz-css-x7dRg\" data-generated-css=\"brz-css-jvfsf\" data-uniq-id=\"qacut\"><span class=\"brz-cp-color2\">Du kannst mir hier eine Nachricht zukommen lassen<\/span><\/h2>\n<\/div>\n<\/div>\n<\/div>\n<div id=\"\" class=\"brz-css-1rsr8e1 brz-wrapper\">\n<div class=\"brz-rich-text brz-rich-text__custom brz-css-rfvjo3\" data-brz-custom-id=\"cljpbdlbxdkzvvhrrbucqdmdzgofzvxgvojh\">\n<div data-brz-translate-text=\"1\">\n<p class=\"brz-tp-lg-paragraph brz-text-lg-center brz-css-kGQBZ\" data-uniq-id=\"wtlsn\" data-generated-css=\"brz-css-vppxc\">Ob <strong>Fragen<\/strong> \u00fcber meine verschiedenen <strong>Dienstleistungen<\/strong>, meine <strong>Begleitende massgescheiderte Sitzungen<\/strong>, oder \u00fcber einen <strong>personalisiertes Kunstprojekt<\/strong>, <\/p>\n<p class=\"brz-tp-lg-paragraph brz-text-lg-center brz-css-b5f8K\" data-uniq-id=\"wtlsn\" data-generated-css=\"brz-css-vppxc\">Du kannst mich auf zwei verschiedene Arten kontaktieren, entweder <a class=\"link--external\" href=\"https:\/\/api.whatsapp.com\/send\/?phone=33756848208&amp;text&amp;type=phone_number&amp;app_absent=0\" data-brz-link-type=\"external\" target=\"_blank\"><strong>Whatsapp<\/strong><\/a> oder <strong>Email<\/strong> qowie mit dem unten stehenden Formular.<\/p>\n<\/div>\n<\/div>\n<\/div>\n<div id=\"\" class=\"brz-css-1rsr8e1 brz-css-4yk8a2 brz-wrapper\">\n<div class=\"brz-wp-shortcode brz-css-1wmu91v\" data-brz-custom-id=\"nvlfzcghutiuixzcgilfphixakipdqahegsj\">\n<div>\n<div class=\"wpcf7 no-js\" id=\"wpcf7-f13-o1\" lang=\"fr-FR\" dir=\"ltr\" data-wpcf7-id=\"13\">\n<div class=\"screen-reader-response\"><p role=\"status\" aria-live=\"polite\" aria-atomic=\"true\"><\/p> <ul><\/ul><\/div>\n<form action=\"\/de\/wp-json\/wp\/v2\/pages\/134#wpcf7-f13-o1\" method=\"post\" class=\"wpcf7-form init\" aria-label=\"Kontakt Formular\" novalidate=\"novalidate\" data-status=\"init\" data-trp-original-action=\"\/de\/wp-json\/wp\/v2\/pages\/134#wpcf7-f13-o1\">\n<fieldset class=\"hidden-fields-container\"><input type=\"hidden\" name=\"_wpcf7\" value=\"13\" \/><input type=\"hidden\" name=\"_wpcf7_version\" value=\"6.1.5\" \/><input type=\"hidden\" name=\"_wpcf7_locale\" value=\"fr_FR\" \/><input type=\"hidden\" name=\"_wpcf7_unit_tag\" value=\"wpcf7-f13-o1\" \/><input type=\"hidden\" name=\"_wpcf7_container_post\" value=\"0\" \/><input type=\"hidden\" name=\"_wpcf7_posted_data_hash\" value=\"\" \/>\n<\/fieldset>\n<p><label> Vor- und Nachname<br \/>\n<span class=\"wpcf7-form-control-wrap\" data-name=\"your-name\"><input size=\"40\" maxlength=\"400\" class=\"wpcf7-form-control wpcf7-text wpcf7-validates-as-required\" aria-required=\"true\" aria-invalid=\"false\" value=\"\" type=\"text\" name=\"your-name\" \/><\/span> <\/label>\n<\/p>\n<p><label> Deine E-Mail<br \/>\n<span class=\"wpcf7-form-control-wrap\" data-name=\"your-email\"><input size=\"40\" maxlength=\"400\" class=\"wpcf7-form-control wpcf7-email wpcf7-validates-as-required wpcf7-text wpcf7-validates-as-email\" aria-required=\"true\" aria-invalid=\"false\" value=\"\" type=\"email\" name=\"your-email\" \/><\/span> <\/label>\n<\/p>\n<p><label> Objekt<br \/>\n<span class=\"wpcf7-form-control-wrap\" data-name=\"your-subject\"><input size=\"40\" maxlength=\"400\" class=\"wpcf7-form-control wpcf7-text wpcf7-validates-as-required\" aria-required=\"true\" aria-invalid=\"false\" value=\"\" type=\"text\" name=\"your-subject\" \/><\/span> <\/label>\n<\/p>\n<p><label> Deine Nachricht (optional)<br \/>\n<span class=\"wpcf7-form-control-wrap\" data-name=\"your-message\"><textarea cols=\"40\" rows=\"10\" maxlength=\"2000\" class=\"wpcf7-form-control wpcf7-textarea\" aria-invalid=\"false\" name=\"your-message\"><\/textarea><\/span> <\/label>\n<\/p>\n<p><input class=\"wpcf7-form-control wpcf7-submit has-spinner\" type=\"submit\" value=\"Senden\" \/>\n<\/p><div class=\"wpcf7-response-output\" aria-hidden=\"true\"><\/div>\n<input type=\"hidden\" name=\"trp-form-language\" value=\"de\"\/><\/form>\n<\/div>\n<\/div>\n<\/div>\n<\/div>\n<div id=\"\" class=\"brz-css-1rsr8e1 brz-css-1qaztzc brz-wrapper\">\n<div class=\"brz-menu-simple brz-css-wt5ugm brz-css-1yce3vm\">\n<div><\/div>\n<\/div>\n<\/div>\n<\/div>\n<\/div>\n<\/section>\n<\/div>\n<p>    <!-- version:1736973989 --><\/p>","protected":false},"excerpt":{"rendered":"<p>WER BIN ICH? Kontakt Du kannst mir unten eine Nachricht schicken Ob du Fragen zu meinen Diensten, meiner Begleitung oder einem individuellen Kunstprojekt hast, du kannst mich auf zwei verschiedene Arten kontaktieren, entweder per WhatsApp oder per E-Mail mit dem untenstehenden Formular.<\/p>","protected":false},"author":1,"featured_media":0,"parent":0,"menu_order":0,"comment_status":"closed","ping_status":"closed","template":"brizy-blank-template.php","meta":{"_joinchat":[],"footnotes":""},"class_list":["post-134","page","type-page","status-publish","hentry"],"blocksy_meta":{"styles_descriptor":{"styles":{"desktop":"","tablet":"","mobile":""},"google_fonts":[],"version":6}},"yoast_head":"<!-- This site is optimized with the Yoast SEO plugin v27.4 - https:\/\/yoast.com\/product\/yoast-seo-wordpress\/ -->\n<title>Contact - Artia<\/title>\n<meta name=\"description\" content=\"Tu as des questions ? Contacte-moi pour me poser toutes tes questions concernant les soins \u00e9nerg\u00e9tiques et l&#039;art-th\u00e9rapie.\" \/>\n<meta name=\"robots\" content=\"index, follow, max-snippet:-1, max-image-preview:large, max-video-preview:-1\" \/>\n<link rel=\"canonical\" href=\"http:\/\/artia-therapie.com\/de\/kontakt\/\" \/>\n<meta property=\"og:locale\" content=\"de_DE\" \/>\n<meta property=\"og:type\" content=\"article\" \/>\n<meta property=\"og:title\" content=\"Contact - Artia\" \/>\n<meta property=\"og:description\" content=\"Tu as des questions ? Contacte-moi pour me poser toutes tes questions concernant les soins \u00e9nerg\u00e9tiques et l&#039;art-th\u00e9rapie.\" \/>\n<meta property=\"og:url\" content=\"http:\/\/artia-therapie.com\/de\/kontakt\/\" \/>\n<meta property=\"og:site_name\" content=\"Artia\" \/>\n<meta property=\"article:modified_time\" content=\"2026-04-07T02:53:27+00:00\" \/>\n<meta property=\"og:image\" content=\"https:\/\/artia-therapie.com\/wp-content\/uploads\/brizy\/imgs\/Logo-artia-therapie-152x152x25x25x103x102x1675171273.png\" \/>\n<meta name=\"twitter:card\" content=\"summary_large_image\" \/>\n<meta name=\"twitter:label1\" content=\"Gesch\u00e4tzte Lesezeit\" \/>\n\t<meta name=\"twitter:data1\" content=\"1\u00a0Minute\" \/>\n<script type=\"application\/ld+json\" class=\"yoast-schema-graph\">{\"@context\":\"https:\\\/\\\/schema.org\",\"@graph\":[{\"@type\":\"WebPage\",\"@id\":\"https:\\\/\\\/artia-therapie.com\\\/fr_fr\\\/contact\",\"url\":\"https:\\\/\\\/artia-therapie.com\\\/fr_fr\\\/contact\",\"name\":\"Contact - Artia\",\"isPartOf\":{\"@id\":\"https:\\\/\\\/artia-therapie.com\\\/#website\"},\"primaryImageOfPage\":{\"@id\":\"https:\\\/\\\/artia-therapie.com\\\/fr_fr\\\/contact#primaryimage\"},\"image\":{\"@id\":\"https:\\\/\\\/artia-therapie.com\\\/fr_fr\\\/contact#primaryimage\"},\"thumbnailUrl\":\"https:\\\/\\\/artia-therapie.com\\\/wp-content\\\/uploads\\\/brizy\\\/imgs\\\/Logo-artia-therapie-152x152x25x25x103x102x1675171273.png\",\"datePublished\":\"2022-11-28T18:11:38+00:00\",\"dateModified\":\"2026-04-07T02:53:27+00:00\",\"description\":\"Tu as des questions ? Contacte-moi pour me poser toutes tes questions concernant les soins \u00e9nerg\u00e9tiques et l'art-th\u00e9rapie.\",\"breadcrumb\":{\"@id\":\"https:\\\/\\\/artia-therapie.com\\\/fr_fr\\\/contact#breadcrumb\"},\"inLanguage\":\"de\",\"potentialAction\":[{\"@type\":\"ReadAction\",\"target\":[\"https:\\\/\\\/artia-therapie.com\\\/fr_fr\\\/contact\"]}]},{\"@type\":\"ImageObject\",\"inLanguage\":\"de\",\"@id\":\"https:\\\/\\\/artia-therapie.com\\\/fr_fr\\\/contact#primaryimage\",\"url\":\"https:\\\/\\\/artia-therapie.com\\\/wp-content\\\/uploads\\\/brizy\\\/imgs\\\/Logo-artia-therapie-152x152x25x25x103x102x1675171273.png\",\"contentUrl\":\"https:\\\/\\\/artia-therapie.com\\\/wp-content\\\/uploads\\\/brizy\\\/imgs\\\/Logo-artia-therapie-152x152x25x25x103x102x1675171273.png\"},{\"@type\":\"BreadcrumbList\",\"@id\":\"https:\\\/\\\/artia-therapie.com\\\/fr_fr\\\/contact#breadcrumb\",\"itemListElement\":[{\"@type\":\"ListItem\",\"position\":1,\"name\":\"Accueil\",\"item\":\"https:\\\/\\\/artia-therapie.com\\\/fr_fr\\\/\"},{\"@type\":\"ListItem\",\"position\":2,\"name\":\"Contact\"}]},{\"@type\":\"WebSite\",\"@id\":\"https:\\\/\\\/artia-therapie.com\\\/#website\",\"url\":\"https:\\\/\\\/artia-therapie.com\\\/\",\"name\":\"Artia\",\"description\":\"L&#039;art de vivre et d\u2019incarner sa propre v\u00e9rit\u00e9\",\"publisher\":{\"@id\":\"https:\\\/\\\/artia-therapie.com\\\/#\\\/schema\\\/person\\\/0c3e5de0d3ad864b75b4e95800068db6\"},\"potentialAction\":[{\"@type\":\"SearchAction\",\"target\":{\"@type\":\"EntryPoint\",\"urlTemplate\":\"https:\\\/\\\/artia-therapie.com\\\/?s={search_term_string}\"},\"query-input\":{\"@type\":\"PropertyValueSpecification\",\"valueRequired\":true,\"valueName\":\"search_term_string\"}}],\"inLanguage\":\"de\"},{\"@type\":[\"Person\",\"Organization\"],\"@id\":\"https:\\\/\\\/artia-therapie.com\\\/#\\\/schema\\\/person\\\/0c3e5de0d3ad864b75b4e95800068db6\",\"name\":\"Artia\",\"image\":{\"@type\":\"ImageObject\",\"inLanguage\":\"de\",\"@id\":\"https:\\\/\\\/artia-therapie.com\\\/wp-content\\\/uploads\\\/2023\\\/01\\\/Logo-artia-therapie-1024x1024.png\",\"url\":\"https:\\\/\\\/artia-therapie.com\\\/wp-content\\\/uploads\\\/2023\\\/01\\\/Logo-artia-therapie-1024x1024.png\",\"contentUrl\":\"https:\\\/\\\/artia-therapie.com\\\/wp-content\\\/uploads\\\/2023\\\/01\\\/Logo-artia-therapie-1024x1024.png\",\"width\":1024,\"height\":1024,\"caption\":\"Artia\"},\"logo\":{\"@id\":\"https:\\\/\\\/artia-therapie.com\\\/wp-content\\\/uploads\\\/2023\\\/01\\\/Logo-artia-therapie-1024x1024.png\"},\"sameAs\":[\"http:\\\/\\\/artia-therapie.com\"]}]}<\/script>\n<!-- \/ Yoast SEO plugin. -->","yoast_head_json":{"title":"Kontakt - Artia","description":"Hast du irgendwelche Fragen? Kontaktiere mich, um mir alle deine Fragen zu Energiebehandlungen und Kunsttherapie zu stellen.","robots":{"index":"index","follow":"follow","max-snippet":"max-snippet:-1","max-image-preview":"max-image-preview:large","max-video-preview":"max-video-preview:-1"},"canonical":"http:\/\/artia-therapie.com\/de\/kontakt\/","og_locale":"de_DE","og_type":"article","og_title":"Contact - Artia","og_description":"Tu as des questions ? Contacte-moi pour me poser toutes tes questions concernant les soins \u00e9nerg\u00e9tiques et l'art-th\u00e9rapie.","og_url":"http:\/\/artia-therapie.com\/de\/kontakt\/","og_site_name":"Artia","article_modified_time":"2026-04-07T02:53:27+00:00","og_image":[{"url":"https:\/\/artia-therapie.com\/wp-content\/uploads\/brizy\/imgs\/Logo-artia-therapie-152x152x25x25x103x102x1675171273.png","type":"","width":"","height":""}],"twitter_card":"summary_large_image","twitter_misc":{"Gesch\u00e4tzte Lesezeit":"1\u00a0Minute"},"schema":{"@context":"https:\/\/schema.org","@graph":[{"@type":"WebPage","@id":"https:\/\/artia-therapie.com\/fr_fr\/contact","url":"https:\/\/artia-therapie.com\/fr_fr\/contact","name":"Kontakt - Artia","isPartOf":{"@id":"https:\/\/artia-therapie.com\/#website"},"primaryImageOfPage":{"@id":"https:\/\/artia-therapie.com\/fr_fr\/contact#primaryimage"},"image":{"@id":"https:\/\/artia-therapie.com\/fr_fr\/contact#primaryimage"},"thumbnailUrl":"https:\/\/artia-therapie.com\/wp-content\/uploads\/brizy\/imgs\/Logo-artia-therapie-152x152x25x25x103x102x1675171273.png","datePublished":"2022-11-28T18:11:38+00:00","dateModified":"2026-04-07T02:53:27+00:00","description":"Hast du irgendwelche Fragen? Kontaktiere mich, um mir alle deine Fragen zu Energiebehandlungen und Kunsttherapie zu stellen.","breadcrumb":{"@id":"https:\/\/artia-therapie.com\/fr_fr\/contact#breadcrumb"},"inLanguage":"de","potentialAction":[{"@type":"ReadAction","target":["https:\/\/artia-therapie.com\/fr_fr\/contact"]}]},{"@type":"ImageObject","inLanguage":"de","@id":"https:\/\/artia-therapie.com\/fr_fr\/contact#primaryimage","url":"https:\/\/artia-therapie.com\/wp-content\/uploads\/brizy\/imgs\/Logo-artia-therapie-152x152x25x25x103x102x1675171273.png","contentUrl":"https:\/\/artia-therapie.com\/wp-content\/uploads\/brizy\/imgs\/Logo-artia-therapie-152x152x25x25x103x102x1675171273.png"},{"@type":"BreadcrumbList","@id":"https:\/\/artia-therapie.com\/fr_fr\/contact#breadcrumb","itemListElement":[{"@type":"ListItem","position":1,"name":"Accueil","item":"https:\/\/artia-therapie.com\/fr_fr\/"},{"@type":"ListItem","position":2,"name":"Contact"}]},{"@type":"WebSite","@id":"https:\/\/artia-therapie.com\/#website","url":"https:\/\/artia-therapie.com\/","name":"Artia","description":"Die Kunst, die eigene Wahrheit zu leben und zu verk\u00f6rpern","publisher":{"@id":"https:\/\/artia-therapie.com\/#\/schema\/person\/0c3e5de0d3ad864b75b4e95800068db6"},"potentialAction":[{"@type":"SearchAction","target":{"@type":"EntryPoint","urlTemplate":"https:\/\/artia-therapie.com\/?s={search_term_string}"},"query-input":{"@type":"PropertyValueSpecification","valueRequired":true,"valueName":"search_term_string"}}],"inLanguage":"de"},{"@type":["Person","Organization"],"@id":"https:\/\/artia-therapie.com\/#\/schema\/person\/0c3e5de0d3ad864b75b4e95800068db6","name":"Artia","image":{"@type":"ImageObject","inLanguage":"de","@id":"https:\/\/artia-therapie.com\/wp-content\/uploads\/2023\/01\/Logo-artia-therapie-1024x1024.png","url":"https:\/\/artia-therapie.com\/wp-content\/uploads\/2023\/01\/Logo-artia-therapie-1024x1024.png","contentUrl":"https:\/\/artia-therapie.com\/wp-content\/uploads\/2023\/01\/Logo-artia-therapie-1024x1024.png","width":1024,"height":1024,"caption":"Artia"},"logo":{"@id":"https:\/\/artia-therapie.com\/wp-content\/uploads\/2023\/01\/Logo-artia-therapie-1024x1024.png"},"sameAs":["http:\/\/artia-therapie.com"]}]}},"jetpack_sharing_enabled":true,"brizy_media":[],"_links":{"self":[{"href":"http:\/\/artia-therapie.com\/de\/wp-json\/wp\/v2\/pages\/134","targetHints":{"allow":["GET"]}}],"collection":[{"href":"http:\/\/artia-therapie.com\/de\/wp-json\/wp\/v2\/pages"}],"about":[{"href":"http:\/\/artia-therapie.com\/de\/wp-json\/wp\/v2\/types\/page"}],"author":[{"embeddable":true,"href":"http:\/\/artia-therapie.com\/de\/wp-json\/wp\/v2\/users\/1"}],"replies":[{"embeddable":true,"href":"http:\/\/artia-therapie.com\/de\/wp-json\/wp\/v2\/comments?post=134"}],"version-history":[{"count":23,"href":"http:\/\/artia-therapie.com\/de\/wp-json\/wp\/v2\/pages\/134\/revisions"}],"predecessor-version":[{"id":3406,"href":"http:\/\/artia-therapie.com\/de\/wp-json\/wp\/v2\/pages\/134\/revisions\/3406"}],"wp:attachment":[{"href":"http:\/\/artia-therapie.com\/de\/wp-json\/wp\/v2\/media?parent=134"}],"curies":[{"name":"wp","href":"https:\/\/api.w.org\/{rel}","templated":true}]}}